{"id":74,"date":"2023-11-25T12:01:05","date_gmt":"2023-11-25T11:01:05","guid":{"rendered":"https:\/\/ordirect.fr\/?page_id=74"},"modified":"2026-02-16T11:31:46","modified_gmt":"2026-02-16T10:31:46","slug":"les-logiciels-libres","status":"publish","type":"page","link":"https:\/\/ordirect.fr\/index.php\/les-logiciels-libres\/","title":{"rendered":"Les logiciels libres"},"content":{"rendered":"<p><img decoding=\"async\" src=\"https:\/\/ordirect.fr\/wp-content\/uploads\/2024\/01\/linux-vs-windows.jpg\" \/><\/p>\n<p style=\"text-align: justify;\">Libres, gratuits, robustes et s\u00fbrs, les <a href=\"https:\/\/fr.wikipedia.org\/wiki\/Logiciel_libre\" target=\"_blank\" rel=\"noopener\">logiciels libres<\/a> permettent notamment de se lib\u00e9rer des outils Microsoft (Windows, Word, Excel,&#8230;) ou Google (Chrome,\u00a0 etc.). Les plus populaires sont Firefox (navigateur), <a href=\"https:\/\/www.gnu.org\/gnu\/linux-and-gnu.fr.html\" target=\"_blank\" rel=\"noopener\">GNU\/Linux<\/a>, Libre office ou VLC (lecteur multimedia).<\/p>\n<p style=\"text-align: justify;\">Si votre ordinateur est ancien et que vous trouvez qu&rsquo;il est lent, il est temps de passer \u00e0 <a href=\"https:\/\/framablog.org\/2008\/06\/02\/25-raisons-de-migrer-sous-linux\/\" target=\"_blank\" rel=\"noopener\">Linux<\/a> plut\u00f4t que de le changer. Il est possible, si n\u00e9cessaire, de conserver Windows en parall\u00e8le sur le m\u00eame ordinateur.<\/p>\n<p>Si vous en avez assez d&rsquo;\u00eatre en permanence pist\u00e9 par Google via votre <strong>t\u00e9l\u00e9phone Android<\/strong>, vous pouvez passer par exemple \u00e0 <a href=\"https:\/\/fr.wikipedia.org\/wiki\/LineageOS\" target=\"_blank\" rel=\"noopener\">LineageOS<\/a> ou <a href=\"https:\/\/fr.wikipedia.org\/wiki\/\/e\/\" target=\"_blank\" rel=\"noopener\">\/e\/<\/a>. Cela pourrait aussi vous permettre de lutter contre l\u2019<a href=\"https:\/\/fsfe.org\/news\/2021\/news-20211125-01.fr.html\" target=\"_blank\" rel=\"noopener\">obsolescence organis\u00e9e<\/a> qui vous pousse \u00e0 acheter un nouveau t\u00e9l\u00e9phone. Si vous \u00eates r\u00e9ticent.es vous pouvez d\u00e9j\u00e0 commencer par utiliser votre t\u00e9l\u00e9phone Android sans compte Google. Vous ne pourrez plus utiliser le magasin <a href=\"https:\/\/fr.wikipedia.org\/wiki\/Google_Play\" target=\"_blank\" rel=\"noopener\">Google Play<\/a> mais il y a d&rsquo;autres magasins comme <a href=\"https:\/\/fr.wikipedia.org\/wiki\/F-Droid\" target=\"_blank\" rel=\"noopener\">F-Droid<\/a>.<\/p>\n<p><img decoding=\"async\" src=\"https:\/\/ordirect.fr\/wp-content\/uploads\/2024\/01\/linux-logo-petit2.png\" \/><\/p>\n<p><strong>Pour trouver une alternative libre \u00e0 un logiciel<\/strong>, vous pouvez par exemple vous rendre sur le site <a href=\"https:\/\/alternativeto.net\/\" target=\"_blank\" rel=\"noopener\">alternativeto.net<\/a><\/p>\n<p style=\"text-align: justify;\">Si vous ne voulez pas payer pour la suite Microsoft office (Word, Excel, etc.) ou ses mises \u00e0 jour, il est temps de passer \u00e0 <a href=\"https:\/\/fr.wikipedia.org\/wiki\/LibreOffice\" target=\"_blank\" rel=\"noopener\">Libre office<\/a>. Il peut \u00eatre utilis\u00e9 sur un ordinateur avec Windows, macOS ou, bien s\u00fbr, Linux et n&#8217;emp\u00eache pas d&rsquo;\u00e9changer des documents avec des personnes qui utilisent Microsoft office ni de lire et modifier ses anciens documents r\u00e9alis\u00e9s avec les outils Microsoft.<\/p>\n<p style=\"text-align: justify;\">Si vous ne voulez pas payer chaque mois pour Adobe Photoshop, il est temps de passer \u00e0 <a href=\"https:\/\/fr.wikipedia.org\/wiki\/GIMP\" target=\"_blank\" rel=\"noopener\">Gimp<\/a>. Il peut \u00eatre utilis\u00e9 sur un ordinateur avec Windows, macOS ou, bien s\u00fbr, Linux et n&#8217;emp\u00eache pas d&rsquo;\u00e9changer des documents avec des personnes qui utilisent Photoshop ni de lire et modifier ses anciens documents r\u00e9alis\u00e9s avec Photoshop.<\/p>\n<p style=\"text-align: justify;\">Aujourd&rsquo;hui, l&rsquo;utilisation des logiciels libres est tr\u00e8s proche de celle des logiciels Microsoft ou Adobe. Transition en douceur assur\u00e9e. Et si n\u00e9cessaire, je peux vous accompagner. Mais l&rsquo;exp\u00e9rience prouve que, pour une utilisation classique (Internet, mail, traitement de texte), ce n&rsquo;est pas n\u00e9cessaire.<\/p>\n<p>Les informations sur les logiciels libres ne manquent pas. Un film de 2001 en retrace l&rsquo;histoire et d\u00e9crit leur philosophie : <a href=\"https:\/\/www.youtube.com\/watch?v=Eluzi70O-P4\" target=\"_blank\" rel=\"noopener\">Revolution OS<\/a>.<\/p>\n<p>Enfin, si vous \u00eates sensible \u00e0 ce genre de r\u00e9f\u00e9rence, sachez que le gouvernement fran\u00e7ais recommande nombre de logiciels libres dont tous ceux cit\u00e9s ci-dessus et qui concernent les ordinateurs. On peut les retrouver sur le <a href=\"https:\/\/code.gouv.fr\/sill\" target=\"_blank\" rel=\"noopener\">Socle interminist\u00e9riel des logiciels libres<\/a>. \u00c0 noter \u00e9galement que l&rsquo;Agence nationale de s\u00e9curit\u00e9 des syst\u00e8mes d&rsquo;information <a href=\"https:\/\/cyber.gouv.fr\/enjeux-technologiques\/open-source\/\" target=\"_blank\" rel=\"noopener\">promeut<\/a> les logiciels <em>\u00ab\u00a0open source\u00a0\u00bb<\/em>. Pour comprendre les diff\u00e9rences entre logiciel libre et logiciel open source, voir par exemple <a href=\"https:\/\/www.gnu.org\/philosophy\/open-source-misses-the-point.fr.html\" target=\"_blank\" rel=\"noopener\">ici<\/a>.<\/p>\n<p><a href=\"https:\/\/ordirect.fr\/index.php\/services\/\">Services<\/a> &#8211; <a href=\"https:\/\/ordirect.fr\/index.php\/occasions\/\">Occasions<\/a>\u00a0&#8211; <a href=\"https:\/\/ordirect.fr\/index.php\/tarifs\/\">Tarifs<\/a> &#8211; <a href=\"..\/index.php\/contact\/\">Contact<\/a><\/p>\n","protected":false},"excerpt":{"rendered":"<p>Libres, gratuits, robustes et s\u00fbrs, les logiciels libres permettent notamment de se lib\u00e9rer des outils Microsoft (Windows, Word, Excel,&#8230;) ou Google (Chrome,\u00a0 etc.). Les plus populaires sont Firefox (navigateur), GNU\/Linux, Libre office ou VLC (lecteur multimedia). Si votre ordinateur est ancien et que vous trouvez qu&rsquo;il est lent, il est temps de passer \u00e0 Linux &#8230; <a title=\"Les logiciels libres\" class=\"read-more\" href=\"https:\/\/ordirect.fr\/index.php\/les-logiciels-libres\/\" aria-label=\"En savoir plus sur Les logiciels libres\">Lire la suite<\/a><\/p>\n","protected":false},"author":3,"featured_media":0,"parent":0,"menu_order":0,"comment_status":"closed","ping_status":"closed","template":"","meta":{"footnotes":""},"class_list":["post-74","page","type-page","status-publish"],"yoast_head":"<!-- This site is optimized with the Yoast SEO plugin v27.4 - https:\/\/yoast.com\/product\/yoast-seo-wordpress\/ -->\n<title>Les logiciels libres - Ordirect<\/title>\n<meta name=\"robots\" content=\"index, follow, max-snippet:-1, max-image-preview:large, max-video-preview:-1\" \/>\n<link rel=\"canonical\" href=\"https:\/\/ordirect.fr\/index.php\/les-logiciels-libres\/\" \/>\n<meta property=\"og:locale\" content=\"fr_FR\" \/>\n<meta property=\"og:type\" content=\"article\" \/>\n<meta property=\"og:title\" content=\"Les logiciels libres - Ordirect\" \/>\n<meta property=\"og:description\" content=\"Libres, gratuits, robustes et s\u00fbrs, les logiciels libres permettent notamment de se lib\u00e9rer des outils Microsoft (Windows, Word, Excel,&#8230;) ou Google (Chrome,\u00a0 etc.). Les plus populaires sont Firefox (navigateur), GNU\/Linux, Libre office ou VLC (lecteur multimedia). Si votre ordinateur est ancien et que vous trouvez qu&rsquo;il est lent, il est temps de passer \u00e0 Linux ... Lire la suite\" \/>\n<meta property=\"og:url\" content=\"https:\/\/ordirect.fr\/index.php\/les-logiciels-libres\/\" \/>\n<meta property=\"og:site_name\" content=\"Ordirect\" \/>\n<meta property=\"article:modified_time\" content=\"2026-02-16T10:31:46+00:00\" \/>\n<meta property=\"og:image\" content=\"https:\/\/ordirect.fr\/wp-content\/uploads\/2024\/01\/linux-vs-windows.jpg\" \/>\n<meta name=\"twitter:card\" content=\"summary_large_image\" \/>\n<meta name=\"twitter:label1\" content=\"Dur\u00e9e de lecture estim\u00e9e\" \/>\n\t<meta name=\"twitter:data1\" content=\"3 minutes\" \/>\n<script type=\"application\/ld+json\" class=\"yoast-schema-graph\">{\"@context\":\"https:\\\/\\\/schema.org\",\"@graph\":[{\"@type\":\"WebPage\",\"@id\":\"https:\\\/\\\/ordirect.fr\\\/index.php\\\/les-logiciels-libres\\\/\",\"url\":\"https:\\\/\\\/ordirect.fr\\\/index.php\\\/les-logiciels-libres\\\/\",\"name\":\"Les logiciels libres - Ordirect\",\"isPartOf\":{\"@id\":\"https:\\\/\\\/ordirect.fr\\\/#website\"},\"primaryImageOfPage\":{\"@id\":\"https:\\\/\\\/ordirect.fr\\\/index.php\\\/les-logiciels-libres\\\/#primaryimage\"},\"image\":{\"@id\":\"https:\\\/\\\/ordirect.fr\\\/index.php\\\/les-logiciels-libres\\\/#primaryimage\"},\"thumbnailUrl\":\"https:\\\/\\\/ordirect.fr\\\/wp-content\\\/uploads\\\/2024\\\/01\\\/linux-vs-windows.jpg\",\"datePublished\":\"2023-11-25T11:01:05+00:00\",\"dateModified\":\"2026-02-16T10:31:46+00:00\",\"breadcrumb\":{\"@id\":\"https:\\\/\\\/ordirect.fr\\\/index.php\\\/les-logiciels-libres\\\/#breadcrumb\"},\"inLanguage\":\"fr-FR\",\"potentialAction\":[{\"@type\":\"ReadAction\",\"target\":[\"https:\\\/\\\/ordirect.fr\\\/index.php\\\/les-logiciels-libres\\\/\"]}]},{\"@type\":\"ImageObject\",\"inLanguage\":\"fr-FR\",\"@id\":\"https:\\\/\\\/ordirect.fr\\\/index.php\\\/les-logiciels-libres\\\/#primaryimage\",\"url\":\"https:\\\/\\\/ordirect.fr\\\/wp-content\\\/uploads\\\/2024\\\/01\\\/linux-vs-windows.jpg\",\"contentUrl\":\"https:\\\/\\\/ordirect.fr\\\/wp-content\\\/uploads\\\/2024\\\/01\\\/linux-vs-windows.jpg\",\"width\":500,\"height\":313},{\"@type\":\"BreadcrumbList\",\"@id\":\"https:\\\/\\\/ordirect.fr\\\/index.php\\\/les-logiciels-libres\\\/#breadcrumb\",\"itemListElement\":[{\"@type\":\"ListItem\",\"position\":1,\"name\":\"Accueil\",\"item\":\"https:\\\/\\\/ordirect.fr\\\/\"},{\"@type\":\"ListItem\",\"position\":2,\"name\":\"Les logiciels libres\"}]},{\"@type\":\"WebSite\",\"@id\":\"https:\\\/\\\/ordirect.fr\\\/#website\",\"url\":\"https:\\\/\\\/ordirect.fr\\\/\",\"name\":\"Ordirect\",\"description\":\"Informatique\",\"potentialAction\":[{\"@type\":\"SearchAction\",\"target\":{\"@type\":\"EntryPoint\",\"urlTemplate\":\"https:\\\/\\\/ordirect.fr\\\/?s={search_term_string}\"},\"query-input\":{\"@type\":\"PropertyValueSpecification\",\"valueRequired\":true,\"valueName\":\"search_term_string\"}}],\"inLanguage\":\"fr-FR\"}]}<\/script>\n<!-- \/ Yoast SEO plugin. -->","yoast_head_json":{"title":"Les logiciels libres - Ordirect","robots":{"index":"index","follow":"follow","max-snippet":"max-snippet:-1","max-image-preview":"max-image-preview:large","max-video-preview":"max-video-preview:-1"},"canonical":"https:\/\/ordirect.fr\/index.php\/les-logiciels-libres\/","og_locale":"fr_FR","og_type":"article","og_title":"Les logiciels libres - Ordirect","og_description":"Libres, gratuits, robustes et s\u00fbrs, les logiciels libres permettent notamment de se lib\u00e9rer des outils Microsoft (Windows, Word, Excel,&#8230;) ou Google (Chrome,\u00a0 etc.). Les plus populaires sont Firefox (navigateur), GNU\/Linux, Libre office ou VLC (lecteur multimedia). Si votre ordinateur est ancien et que vous trouvez qu&rsquo;il est lent, il est temps de passer \u00e0 Linux ... Lire la suite","og_url":"https:\/\/ordirect.fr\/index.php\/les-logiciels-libres\/","og_site_name":"Ordirect","article_modified_time":"2026-02-16T10:31:46+00:00","og_image":[{"url":"https:\/\/ordirect.fr\/wp-content\/uploads\/2024\/01\/linux-vs-windows.jpg","type":"","width":"","height":""}],"twitter_card":"summary_large_image","twitter_misc":{"Dur\u00e9e de lecture estim\u00e9e":"3 minutes"},"schema":{"@context":"https:\/\/schema.org","@graph":[{"@type":"WebPage","@id":"https:\/\/ordirect.fr\/index.php\/les-logiciels-libres\/","url":"https:\/\/ordirect.fr\/index.php\/les-logiciels-libres\/","name":"Les logiciels libres - Ordirect","isPartOf":{"@id":"https:\/\/ordirect.fr\/#website"},"primaryImageOfPage":{"@id":"https:\/\/ordirect.fr\/index.php\/les-logiciels-libres\/#primaryimage"},"image":{"@id":"https:\/\/ordirect.fr\/index.php\/les-logiciels-libres\/#primaryimage"},"thumbnailUrl":"https:\/\/ordirect.fr\/wp-content\/uploads\/2024\/01\/linux-vs-windows.jpg","datePublished":"2023-11-25T11:01:05+00:00","dateModified":"2026-02-16T10:31:46+00:00","breadcrumb":{"@id":"https:\/\/ordirect.fr\/index.php\/les-logiciels-libres\/#breadcrumb"},"inLanguage":"fr-FR","potentialAction":[{"@type":"ReadAction","target":["https:\/\/ordirect.fr\/index.php\/les-logiciels-libres\/"]}]},{"@type":"ImageObject","inLanguage":"fr-FR","@id":"https:\/\/ordirect.fr\/index.php\/les-logiciels-libres\/#primaryimage","url":"https:\/\/ordirect.fr\/wp-content\/uploads\/2024\/01\/linux-vs-windows.jpg","contentUrl":"https:\/\/ordirect.fr\/wp-content\/uploads\/2024\/01\/linux-vs-windows.jpg","width":500,"height":313},{"@type":"BreadcrumbList","@id":"https:\/\/ordirect.fr\/index.php\/les-logiciels-libres\/#breadcrumb","itemListElement":[{"@type":"ListItem","position":1,"name":"Accueil","item":"https:\/\/ordirect.fr\/"},{"@type":"ListItem","position":2,"name":"Les logiciels libres"}]},{"@type":"WebSite","@id":"https:\/\/ordirect.fr\/#website","url":"https:\/\/ordirect.fr\/","name":"Ordirect","description":"Informatique","potentialAction":[{"@type":"SearchAction","target":{"@type":"EntryPoint","urlTemplate":"https:\/\/ordirect.fr\/?s={search_term_string}"},"query-input":{"@type":"PropertyValueSpecification","valueRequired":true,"valueName":"search_term_string"}}],"inLanguage":"fr-FR"}]}},"_links":{"self":[{"href":"https:\/\/ordirect.fr\/index.php\/wp-json\/wp\/v2\/pages\/74","targetHints":{"allow":["GET"]}}],"collection":[{"href":"https:\/\/ordirect.fr\/index.php\/wp-json\/wp\/v2\/pages"}],"about":[{"href":"https:\/\/ordirect.fr\/index.php\/wp-json\/wp\/v2\/types\/page"}],"author":[{"embeddable":true,"href":"https:\/\/ordirect.fr\/index.php\/wp-json\/wp\/v2\/users\/3"}],"replies":[{"embeddable":true,"href":"https:\/\/ordirect.fr\/index.php\/wp-json\/wp\/v2\/comments?post=74"}],"version-history":[{"count":39,"href":"https:\/\/ordirect.fr\/index.php\/wp-json\/wp\/v2\/pages\/74\/revisions"}],"predecessor-version":[{"id":580,"href":"https:\/\/ordirect.fr\/index.php\/wp-json\/wp\/v2\/pages\/74\/revisions\/580"}],"wp:attachment":[{"href":"https:\/\/ordirect.fr\/index.php\/wp-json\/wp\/v2\/media?parent=74"}],"curies":[{"name":"wp","href":"https:\/\/api.w.org\/{rel}","templated":true}]}}